{"id":11,"date":"2026-04-13T14:03:08","date_gmt":"2026-04-13T14:03:08","guid":{"rendered":"https:\/\/jmota.igr05.pt\/?page_id=11"},"modified":"2026-04-15T11:01:01","modified_gmt":"2026-04-15T11:01:01","slug":"o-novo-umoma-abre-as-suas-portas","status":"publish","type":"page","link":"https:\/\/jmota.igr05.pt\/","title":{"rendered":"Curriculo-Sobre mim"},"content":{"rendered":"\t\t<div data-elementor-type=\"wp-page\" data-elementor-id=\"11\" class=\"elementor elementor-11\">\n\t\t\t\t<div class=\"elementor-element elementor-element-33e56a0c e-flex e-con-boxed e-con e-parent\" data-id=\"33e56a0c\" data-element_type=\"container\" data-e-type=\"container\">\n\t\t\t\t\t<div class=\"e-con-inner\">\n\t\t\t\t<div class=\"elementor-element elementor-element-79db2b39 elementor-widget elementor-widget-text-editor\" data-id=\"79db2b39\" data-element_type=\"widget\" data-e-type=\"widget\" data-widget_type=\"text-editor.default\">\n\t\t\t\t\t\t\t\t\t\n<div class=\"wp-block-group alignwide is-layout-flow wp-block-group-is-layout-flow\">\n<h2 class=\"wp-block-heading has-text-align-center has-contrast-color has-text-color has-link-color wp-elements-710b1b9160c9bc62a8cf44dab8a29739\">Aqui falarei um pouco sobre mim<\/h2>\n<\/div>\n\n<div class=\"wp-block-group is-nowrap is-layout-flex wp-container-core-group-is-layout-6c531013 wp-block-group-is-layout-flex\">\n<p class=\"has-text-align-center\">Chamo me Jo\u00e3o Mota tenho 17 e estudo informatica na ESMM Secundaria de Mem-Martins.<\/p>\n<\/div>\n\n<p>\u00a0<\/p>\n\n<figure class=\"wp-block-image alignfull size-large\"><img decoding=\"async\" src=\"https:\/\/www.aememmartins.pt\/wp-content\/uploads\/2022\/02\/Foto_ESMM-860x500-1.jpg\" alt=\"\" \/><\/figure>\n\n<p>\u00a0<\/p>\n\n<p>Sou estudante do Curso Profissional Tecnico de Gest\u00e3o e Programa\u00e7\u00e3o de sistemas informaticos mais conhecido por CPTGPSI. Tenho um interesse especial pela area de hardware , ferroviaria, bases de dados e cria\u00e7\u00e3o de sites para empresas, onde posso aplicar e desenvolver as minhas competencias tecnicas.<\/p>\n\n<p>Sou uma pessoa curiosa, dedicada e com vontade de aprender continuamente, procurando evoluir tanto a nivel tecnico e profissional como pessoal.<\/p>\n\n<p>\u00a0<\/p>\n\n<p>\u00a0<\/p>\n\n<p class=\"has-text-align-center has-x-large-font-size\"><a href=\"https:\/\/jmota.igr05.pt\/?page_id=43\" data-type=\"page\" data-id=\"43\">Forma\u00e7\u00e3o<\/a><\/p>\n\n<p class=\"has-text-align-center has-x-large-font-size\"><a href=\"https:\/\/jmota.igr05.pt\/?page_id=49\" data-type=\"page\" data-id=\"49\">Interesses<\/a><\/p>\n\n<p class=\"has-text-align-center has-x-large-font-size\"><a href=\"https:\/\/jmota.igr05.pt\/?page_id=69\" data-type=\"page\" data-id=\"69\">Hobbys<\/a><\/p>\n\n<p>\u00a0<\/p>\n\n<div class=\"wp-block-group alignfull has-global-padding is-layout-constrained wp-block-group-is-layout-constrained\" style=\"margin-top: 0; margin-bottom: 0; padding-top: var(--wp--preset--spacing--50); padding-bottom: var(--wp--preset--spacing--50);\">\n<div class=\"wp-block-group alignwide has-global-padding is-layout-constrained wp-block-group-is-layout-constrained\">\n<h2 class=\"wp-block-heading alignfull has-text-align-left has-xx-large-font-size\">Contacto profissional<\/h2>\n\n<div class=\"wp-block-group alignwide is-layout-grid wp-container-core-group-is-layout-5b5f6092 wp-block-group-is-layout-grid\" style=\"border-top-color: var(--wp--preset--color--accent-4); border-top-width: 1px; margin-top: var(--wp--preset--spacing--50); padding-top: var(--wp--preset--spacing--60); padding-bottom: var(--wp--preset--spacing--60);\">\n<div class=\"wp-block-group wp-container-content-30ce9d60 is-vertical is-layout-flex wp-container-core-group-is-layout-fe9cc265 wp-block-group-is-layout-flex\">\n<h3 class=\"wp-block-heading has-medium-font-size\" style=\"font-style: normal; font-weight: bold;\">Redes sociais<\/h3>\n<nav class=\"has-medium-font-size  is-vertical wp-block-navigation is-layout-flex wp-container-core-navigation-is-layout-98bb686d wp-block-navigation-is-layout-flex\" aria-label=\"Redes sociais Redes sociais\"><ul class=\"wp-block-navigation__container has-medium-font-size  is-vertical wp-block-navigation has-medium-font-size\" aria-label=\"Redes sociais\"><li class=\"has-medium-font-size wp-block-navigation-item wp-block-navigation-link\"><a class=\"wp-block-navigation-item__content\"  href=\"#\"><span class=\"wp-block-navigation-item__label\">Instagram:mota_o_oo<\/span><\/a><\/li><li class=\"has-medium-font-size wp-block-navigation-item wp-block-navigation-link\"><a class=\"wp-block-navigation-item__content\"  href=\"#\"><span class=\"wp-block-navigation-item__label\">Linkdin: Jo\u00e3o Mota 980<\/span><\/a><\/li><\/ul><\/nav>\n<h3 class=\"wp-block-heading has-medium-font-size\" style=\"font-style: normal; font-weight: bold;\">Email<\/h3>\n\n<p class=\"has-medium-font-size\">motajoao980@gmail.com<\/p>\n<\/div>\n<\/div>\n<div class=\"wp-block-site-logo\"><a href=\"https:\/\/jmota.igr05.pt\/\" class=\"custom-logo-link\" rel=\"home\"><img decoding=\"async\" width=\"150\" height=\"146\" src=\"https:\/\/jmota.igr05.pt\/wp-content\/uploads\/2026\/04\/Screenshot_2026-04-15-11-24-08-477_com.onetap.bit8painter1-1.jpg\" class=\"custom-logo\" alt=\"\" srcset=\"https:\/\/jmota.igr05.pt\/wp-content\/uploads\/2026\/04\/Screenshot_2026-04-15-11-24-08-477_com.onetap.bit8painter1-1.jpg 1080w, https:\/\/jmota.igr05.pt\/wp-content\/uploads\/2026\/04\/Screenshot_2026-04-15-11-24-08-477_com.onetap.bit8painter1-1-300x294.jpg 300w, https:\/\/jmota.igr05.pt\/wp-content\/uploads\/2026\/04\/Screenshot_2026-04-15-11-24-08-477_com.onetap.bit8painter1-1-1024x1002.jpg 1024w, https:\/\/jmota.igr05.pt\/wp-content\/uploads\/2026\/04\/Screenshot_2026-04-15-11-24-08-477_com.onetap.bit8painter1-1-768x752.jpg 768w\" sizes=\"(max-width: 150px) 100vw, 150px\" \/><\/a><\/div><\/div>\n<\/div>\n\n<figure class=\"wp-block-gallery alignwide has-nested-images columns-default is-cropped wp-block-gallery-2 is-layout-flex wp-block-gallery-is-layout-flex\"><\/figure>\n\t\t\t\t\t\t\t\t<\/div>\n\t\t\t\t\t<\/div>\n\t\t\t\t<\/div>\n\t\t\t\t<\/div>\n\t\t","protected":false},"excerpt":{"rendered":"<p>Aqui falarei um pouco sobre mim Chamo me Jo\u00e3o Mota tenho 17 anos e estudo informatica na Escola Secundaria de Mem-Martins &nbsp; &nbsp; Sou estudante do Curso Profissional Tecnico de Gest\u00e3o e Programa\u00e7\u00e3o de sistemas informaticos mais conhecido por CPTGPSI. Tenho um interesse especial pela area de hardware , ferroviaria, bases de dados e cria\u00e7\u00e3o [&hellip;]<\/p>\n","protected":false},"author":1,"featured_media":61,"parent":0,"menu_order":0,"comment_status":"closed","ping_status":"closed","template":"","meta":{"footnotes":""},"class_list":["post-11","page","type-page","status-publish","has-post-thumbnail","hentry"],"_links":{"self":[{"href":"https:\/\/jmota.igr05.pt\/index.php?rest_route=\/wp\/v2\/pages\/11","targetHints":{"allow":["GET"]}}],"collection":[{"href":"https:\/\/jmota.igr05.pt\/index.php?rest_route=\/wp\/v2\/pages"}],"about":[{"href":"https:\/\/jmota.igr05.pt\/index.php?rest_route=\/wp\/v2\/types\/page"}],"author":[{"embeddable":true,"href":"https:\/\/jmota.igr05.pt\/index.php?rest_route=\/wp\/v2\/users\/1"}],"replies":[{"embeddable":true,"href":"https:\/\/jmota.igr05.pt\/index.php?rest_route=%2Fwp%2Fv2%2Fcomments&post=11"}],"version-history":[{"count":21,"href":"https:\/\/jmota.igr05.pt\/index.php?rest_route=\/wp\/v2\/pages\/11\/revisions"}],"predecessor-version":[{"id":133,"href":"https:\/\/jmota.igr05.pt\/index.php?rest_route=\/wp\/v2\/pages\/11\/revisions\/133"}],"wp:featuredmedia":[{"embeddable":true,"href":"https:\/\/jmota.igr05.pt\/index.php?rest_route=\/wp\/v2\/media\/61"}],"wp:attachment":[{"href":"https:\/\/jmota.igr05.pt\/index.php?rest_route=%2Fwp%2Fv2%2Fmedia&parent=11"}],"curies":[{"name":"wp","href":"https:\/\/api.w.org\/{rel}","templated":true}]}}